{"id":510,"date":"2023-12-01T22:15:14","date_gmt":"2023-12-02T01:15:14","guid":{"rendered":"https:\/\/ctkmais.com.br\/?page_id=510"},"modified":"2023-12-01T22:15:15","modified_gmt":"2023-12-02T01:15:15","slug":"abridores","status":"publish","type":"page","link":"https:\/\/ctkmais.com.br\/index.php\/abridores\/","title":{"rendered":"Abridores"},"content":{"rendered":"\n<p>O abridor de vinho saca-rolhas duas l\u00e2minas em forma de pin\u00e7a \u00e9 uma escolha sofisticada e pr\u00e1tica, pois abra\u00e7a a rolha sem quebrar. Ideal para abrir vinhos de guarda ou mais envelhecidos, onde a integridade da rolha \u00e9 vital para a preserva\u00e7\u00e3o do vinho. As pin\u00e7as s\u00e3o em a\u00e7o inox, cabo em ferro galvanizado e acompanha estojo em poliestireno.<\/p>\n\n\n\n<p>O uso de a\u00e7o inoxid\u00e1vel para as pin\u00e7as n\u00e3o apenas adiciona um toque de eleg\u00e2ncia, mas tamb\u00e9m garante durabilidade e resist\u00eancia \u00e0 corros\u00e3o. O a\u00e7o inoxid\u00e1vel \u00e9 um material higi\u00eanico e f\u00e1cil de limpar, contribuindo para a manuten\u00e7\u00e3o do abridor.<\/p>\n\n\n\n<p>O cabo em ferro galvanizado confere robustez ao abridor, proporcionando uma al\u00e7a resistente para facilitar o manuseio. O revestimento galvanizado ajuda a proteger contra corros\u00e3o, garantindo a durabilidade do utens\u00edlio.<\/p>\n\n\n\n<p>O estojo em poliestireno proporciona um local de armazenamento organizado e protegido para o abridor. O poliestireno, por ser leve e resistente, \u00e9 uma escolha pr\u00e1tica para proteger o utens\u00edlio.<\/p>\n\n\n\n<p>Esse tipo de abridor oferece uma combina\u00e7\u00e3o de eleg\u00e2ncia e funcionalidade, tornando-o uma excelente escolha para entusiastas de vinho que apreciam a arte de abrir garrafas mais antigas com cuidado e precis\u00e3o.<\/p>\n","protected":false},"excerpt":{"rendered":"<p>O abridor de vinho saca-rolhas duas l\u00e2minas em forma de pin\u00e7a \u00e9 uma escolha sofisticada e pr\u00e1tica, pois abra\u00e7a a rolha sem quebrar. Ideal para abrir vinhos de guarda ou mais envelhecidos, onde a integridade da rolha \u00e9 vital para a preserva\u00e7\u00e3o do vinho. As pin\u00e7as s\u00e3o em a\u00e7o inox, cabo em ferro galvanizado e&hellip;&nbsp;<a href=\"https:\/\/ctkmais.com.br\/index.php\/abridores\/\" class=\"\" rel=\"bookmark\">Continue a ler &raquo;<span class=\"screen-reader-text\">Abridores<\/span><\/a><\/p>\n","protected":false},"author":1,"featured_media":0,"parent":0,"menu_order":0,"comment_status":"closed","ping_status":"closed","template":"","meta":{"neve_meta_sidebar":"","neve_meta_container":"","neve_meta_enable_content_width":"","neve_meta_content_width":0,"neve_meta_title_alignment":"","neve_meta_author_avatar":"","neve_post_elements_order":"","neve_meta_disable_header":"","neve_meta_disable_footer":"","neve_meta_disable_title":"","_themeisle_gutenberg_block_has_review":false,"_ti_tpc_template_sync":false,"_ti_tpc_template_id":"","footnotes":""},"class_list":["post-510","page","type-page","status-publish","hentry"],"_links":{"self":[{"href":"https:\/\/ctkmais.com.br\/index.php\/wp-json\/wp\/v2\/pages\/510","targetHints":{"allow":["GET"]}}],"collection":[{"href":"https:\/\/ctkmais.com.br\/index.php\/wp-json\/wp\/v2\/pages"}],"about":[{"href":"https:\/\/ctkmais.com.br\/index.php\/wp-json\/wp\/v2\/types\/page"}],"author":[{"embeddable":true,"href":"https:\/\/ctkmais.com.br\/index.php\/wp-json\/wp\/v2\/users\/1"}],"replies":[{"embeddable":true,"href":"https:\/\/ctkmais.com.br\/index.php\/wp-json\/wp\/v2\/comments?post=510"}],"version-history":[{"count":1,"href":"https:\/\/ctkmais.com.br\/index.php\/wp-json\/wp\/v2\/pages\/510\/revisions"}],"predecessor-version":[{"id":511,"href":"https:\/\/ctkmais.com.br\/index.php\/wp-json\/wp\/v2\/pages\/510\/revisions\/511"}],"wp:attachment":[{"href":"https:\/\/ctkmais.com.br\/index.php\/wp-json\/wp\/v2\/media?parent=510"}],"curies":[{"name":"wp","href":"https:\/\/api.w.org\/{rel}","templated":true}]}}